{"id":667,"date":"2009-05-06T11:43:24","date_gmt":"2009-05-06T16:43:24","guid":{"rendered":"http:\/\/wpzoom.com\/zenko\/demo\/?page_id=3"},"modified":"2020-10-07T10:58:38","modified_gmt":"2020-10-07T07:58:38","slug":"iletisim","status":"publish","type":"page","link":"http:\/\/znokimya.com\/en\/iletisim\/","title":{"rendered":"Contact"},"content":{"rendered":"<p><strong>Fabrika Adres:<\/strong>\u00a0ORGANIZE SANAYI B\u00d6LGESI MAH. 26 NOLU YOL CAD. NO: 3<br \/>\nBOR\/ NIGDE<\/p>\n<p><iframe style=\"border: 0;\" src=\"https:\/\/www.google.com\/maps\/embed?pb=!1m16!1m12!1m3!1d12599.710338349489!2d34.45652599672528!3d37.86198479676594!2m3!1f0!2f0!3f0!3m2!1i1024!2i768!4f13.1!2m1!1sBor+Organize+SanayiB%C3%B6lgesi+1292+Ada%2C+6-7-8-9+Parsel%2C+Bor%2FNi%C4%9Fde%2FTURKEY!5e0!3m2!1str!2str!4v1523098619353\" width=\"400\" height=\"250\" frameborder=\"0\" allowfullscreen=\"allowfullscreen\" data-mce-fragment=\"1\">&lt;span data-mce-type=&#8221;bookmark&#8221; style=&#8221;display: inline-block; width: 0px; overflow: hidden; line-height: 0;&#8221; class=&#8221;mce_SELRES_start&#8221;&gt;\ufeff&lt;\/span&gt;<\/iframe><\/p>\n<p><strong>Genel M\u00fcd\u00fcrl\u00fck Adres :\u00a0<\/strong>Da\u011fyaka Mah. 1057 Cad. No:5 Kahramankazan \/ANKARA<\/p>\n<p><strong>Tel\/Phone no\u00a0<\/strong>\u00a0 \u00a0: 0090 312 267 53 90<\/p>\n<p><strong>Faks\/Fax no<\/strong>\u00a0\u00a0\u00a0\u00a0\u00a0\u00a0 : 0090 312 267 53 91<\/p>\n<p><strong>E-mail:<\/strong>\u00a0 <a href=\"mailto:info@znokimya.com\">info@znokimya.com<\/a><\/p>\n<p><iframe style=\"border: 0;\" src=\"https:\/\/www.google.com\/maps\/embed?pb=!1m18!1m12!1m3!1d6107.973109715292!2d32.64569963296998!3d40.05340097940893!2m3!1f0!2f0!3f0!3m2!1i1024!2i768!4f13.1!3m3!1m2!1s0x14d33a7e6a3c5d3f%3A0x2048ee878a8b7de8!2sSaha+Metal!5e0!3m2!1str!2str!4v1523098732226\" width=\"400\" height=\"250\" frameborder=\"0\" allowfullscreen=\"allowfullscreen\" data-mce-fragment=\"1\">&lt;span data-mce-type=&#8221;bookmark&#8221; style=&#8221;display: inline-block; width: 0px; overflow: hidden; line-height: 0;&#8221; class=&#8221;mce_SELRES_start&#8221;&gt;\ufeff&lt;\/span&gt;<\/iframe><\/p>\n<p><strong>Hollanda Ofis:<\/strong><\/p>\n<p><strong>Address : <\/strong>Turfstraat 5A , 6811 HK Arnhem , Holland<\/p>\n<p><strong>Mobile :\u00a0\u00a0 <\/strong>+ 31 (0) 623311203<\/p>\n<p><strong>Email: <\/strong><a href=\"mailto:serapdinc@znokimya.com\">serapdinc@znokimya.com<\/a><\/p>\n<p><iframe style=\"border: 0;\" src=\"https:\/\/www.google.com\/maps\/embed?pb=!1m18!1m12!1m3!1d2457.5476610702294!2d5.907118415787346!3d51.978670979715325!2m3!1f0!2f0!3f0!3m2!1i1024!2i768!4f13.1!3m3!1m2!1s0x47c7a5ca96efd0d9%3A0xdcd2e27a3855659c!2sTurfstraat+5%2C+6811+HL+Arnhem%2C+Netherlands!5e0!3m2!1sen!2str!4v1523276922347\" width=\"400\" height=\"250\" frameborder=\"0\" allowfullscreen=\"allowfullscreen\" data-mce-fragment=\"1\">&lt;span data-mce-type=&#8221;bookmark&#8221; style=&#8221;display: inline-block; width: 0px; overflow: hidden; line-height: 0;&#8221; class=&#8221;mce_SELRES_start&#8221;&gt;\ufeff&lt;\/span&gt;<\/iframe><\/p>\n<p><div role=\"form\" class=\"wpcf7\" id=\"wpcf7-f5537-o2\" lang=\"tr-TR\" dir=\"ltr\">\n<div class=\"screen-reader-response\" role=\"alert\" aria-live=\"polite\"><\/div>\n<form action=\"\/en\/wp-json\/wp\/v2\/pages\/667#wpcf7-f5537-o2\" method=\"post\" class=\"wpcf7-form init\" novalidate=\"novalidate\">\n<div style=\"display: none;\">\n<input type=\"hidden\" name=\"_wpcf7\" value=\"5537\" \/>\n<input type=\"hidden\" name=\"_wpcf7_version\" value=\"5.2.2\" \/>\n<input type=\"hidden\" name=\"_wpcf7_locale\" value=\"tr_TR\" \/>\n<input type=\"hidden\" name=\"_wpcf7_unit_tag\" value=\"wpcf7-f5537-o2\" \/>\n<input type=\"hidden\" name=\"_wpcf7_container_post\" value=\"0\" \/>\n<input type=\"hidden\" name=\"_wpcf7_posted_data_hash\" value=\"\" \/>\n<input type=\"hidden\" name=\"_wpcf7_recaptcha_response\" value=\"\" \/>\n<\/div>\n<p><label> Name Surname (necessary)<br \/>\n    <span class=\"wpcf7-form-control-wrap your-name\"><input type=\"text\" name=\"your-name\" value=\"\" size=\"40\" class=\"wpcf7-form-control wpcf7-text wpcf7-validates-as-required\" aria-required=\"true\" aria-invalid=\"false\" \/><\/span> <\/label><\/p>\n<p><label> E-Mail Address (necessary)<br \/>\n    <span class=\"wpcf7-form-control-wrap your-email\"><input type=\"email\" name=\"your-email\" value=\"\" size=\"40\" class=\"wpcf7-form-control wpcf7-text wpcf7-email wpcf7-validates-as-required wpcf7-validates-as-email\" aria-required=\"true\" aria-invalid=\"false\" \/><\/span> <\/label><\/p>\n<p><label> Subject<br \/>\n    <span class=\"wpcf7-form-control-wrap your-subject\"><input type=\"text\" name=\"your-subject\" value=\"\" size=\"40\" class=\"wpcf7-form-control wpcf7-text\" aria-invalid=\"false\" \/><\/span> <\/label><\/p>\n<p><label> Your Message<br \/>\n    <span class=\"wpcf7-form-control-wrap your-message\"><textarea name=\"your-message\" cols=\"40\" rows=\"10\" class=\"wpcf7-form-control wpcf7-textarea\" aria-invalid=\"false\"><\/textarea><\/span> <\/label><br \/>\n<div class=\"anr_captcha_field\"><div id=\"anr_captcha_field_2\" class=\"anr_captcha_field_div\"><\/div><\/div><span class=\"wpcf7-form-control-wrap g-recaptcha-response\"><\/span><\/p>\n<p><input type=\"submit\" value=\"Send\" class=\"wpcf7-form-control wpcf7-submit\" \/><\/p>\n<div class=\"wpcf7-response-output\" role=\"alert\" aria-hidden=\"true\"><\/div><\/form><\/div><\/p>","protected":false},"excerpt":{"rendered":"<p>Fabrika Adres:\u00a0ORGANIZE SANAYI B\u00d6LGESI MAH. 26 NOLU YOL CAD. NO: 3 BOR\/ NIGDE &lt;span data-mce-type=&#8221;bookmark&#8221; style=&#8221;display: inline-block; width: 0px; overflow: hidden; line-height: 0;&#8221; class=&#8221;mce_SELRES_start&#8221;&gt;\ufeff&lt;\/span&gt; Genel M\u00fcd\u00fcrl\u00fck Adres :\u00a0Da\u011fyaka Mah. 1057 Cad. No:5 Kahramankazan \/ANKARA Tel\/Phone no\u00a0\u00a0 \u00a0: 0090 312 267 53 90 Faks\/Fax no\u00a0\u00a0\u00a0\u00a0\u00a0\u00a0 : 0090 312 267 53 91 E-mail:\u00a0 info@znokimya.com &lt;span data-mce-type=&#8221;bookmark&#8221; style=&#8221;display: [&hellip;]<\/p>\n","protected":false},"author":1,"featured_media":0,"parent":0,"menu_order":0,"comment_status":"closed","ping_status":"closed","template":"","meta":[],"_links":{"self":[{"href":"http:\/\/znokimya.com\/en\/wp-json\/wp\/v2\/pages\/667"}],"collection":[{"href":"http:\/\/znokimya.com\/en\/wp-json\/wp\/v2\/pages"}],"about":[{"href":"http:\/\/znokimya.com\/en\/wp-json\/wp\/v2\/types\/page"}],"author":[{"embeddable":true,"href":"http:\/\/znokimya.com\/en\/wp-json\/wp\/v2\/users\/1"}],"replies":[{"embeddable":true,"href":"http:\/\/znokimya.com\/en\/wp-json\/wp\/v2\/comments?post=667"}],"version-history":[{"count":49,"href":"http:\/\/znokimya.com\/en\/wp-json\/wp\/v2\/pages\/667\/revisions"}],"predecessor-version":[{"id":5674,"href":"http:\/\/znokimya.com\/en\/wp-json\/wp\/v2\/pages\/667\/revisions\/5674"}],"wp:attachment":[{"href":"http:\/\/znokimya.com\/en\/wp-json\/wp\/v2\/media?parent=667"}],"curies":[{"name":"wp","href":"https:\/\/api.w.org\/{rel}","templated":true}]}}