{"id":4724,"date":"2016-12-26T06:01:02","date_gmt":"2016-12-26T06:01:02","guid":{"rendered":"http:\/\/localhost\/winsome\/?page_id=4724"},"modified":"2018-04-16T08:53:47","modified_gmt":"2018-04-16T05:53:47","slug":"our-services","status":"publish","type":"page","link":"http:\/\/znokimya.com\/tr\/our-services\/","title":{"rendered":"\u00dcr\u00fcnlerimiz"},"content":{"rendered":"<p><\/p>\n<p style=\"text-align: justify;\"><strong>\u00dcretim:<\/strong><\/p>\n<p style=\"text-align: justify;\">\u0130\u015f ak\u0131\u015f\u0131m\u0131z\u00a0 hata\u00a0 ve gecikme kabul etmeyen sistemde haz\u0131rlanm\u0131\u015f olup, Haccp plan\u0131na uygunlu\u011fu test edilip onaylanm\u0131\u015ft\u0131r.<\/p>\n<p style=\"text-align: justify;\">M\u00fc\u015fteri Memnuniyeti odakl\u0131 \u00e7al\u0131\u015fmalar\u0131m\u0131z\u0131n s\u00fcrd\u00fcr\u00fclebilirli\u011fini her y\u0131l m\u00fc\u015fterilerimizle yapt\u0131\u011f\u0131m\u0131z anketlerle al\u0131yoruz.<\/p>\n<p style=\"text-align: justify;\"><img loading=\"lazy\" class=\"alignright size-medium wp-image-5331\" src=\"http:\/\/188.132.157.36\/~znokimy1\/wp-content\/uploads\/2018\/04\/01-300x146.jpg\" alt=\"\" width=\"300\" height=\"146\" srcset=\"http:\/\/znokimya.com\/wp-content\/uploads\/2018\/04\/01-300x146.jpg 300w, http:\/\/znokimya.com\/wp-content\/uploads\/2018\/04\/01-768x375.jpg 768w, http:\/\/znokimya.com\/wp-content\/uploads\/2018\/04\/01-1024x500.jpg 1024w\" sizes=\"(max-width: 300px) 100vw, 300px\" \/>\u00dcretim tesisleri, kaliteli bir \u00fcr\u00fcn\u00fcn imalat\u0131 i\u00e7in gerekli olan t\u00fcm par\u00e7alar\u0131 ve makineleri i\u00e7ermektedir. \u00dcr\u00fcn kalitesi her sevkiyat \u00f6ncesi ve sonras\u0131nda, i\u00e7 ve d\u0131\u015f laboratuvarlar taraf\u0131ndan s\u00fcrekli modern ekipmanlar ile kontrol edilmektedir.<\/p>\n<p style=\"text-align: justify;\">Kalite, t\u00fcm \u00fcr\u00fcnlerin temel dayana\u011f\u0131d\u0131r b\u00f6ylece ZNO Kimya\u2019dan g\u00f6nderilen her sevkiyat Kalite damgas\u0131n\u0131 ta\u015f\u0131r. Bitmi\u015f \u00dcr\u00fcn\u00fcn sadece Spesifikasyonlarla de\u011fil, ayn\u0131 zamanda Kalitede tutarl\u0131 oldu\u011fundan emin olmak i\u00e7in S\u00fcre\u00e7 Kontrol\u00fc ve denetimini yak\u0131ndan izleyerek sa\u011flanmaktad\u0131r.\u0130malat a\u015famas\u0131ndaki dahili kontroller ve sevkiyattan \u00f6nce nihai kontroller i\u00e7in g\u00fcnl\u00fck kontrol analizini ger\u00e7ekle\u015ftirmek amac\u0131yla Kalite Kontrol Departman\u0131m\u0131z\u0131n nitelikli ve yetkin kadrosu istihdam edilmi\u015ftir. \u00dcr\u00fcnlerin tutarl\u0131 kalitesini korumak ve sunmak i\u00e7in t\u00fcm yeni malzemelerve ara \u00fcr\u00fcnleri analiz edilmektedir.Fabrikadan ayr\u0131lan t\u00fcm g\u00f6nderilerin \u00fcretilen t\u00fcm partileri \u00f6rneklerien az be\u015f y\u0131ll\u0131k s\u00fcre boyunca ar\u015fivleme hacmine sahiptir.<\/p>\n<p style=\"text-align: justify;\">Kullan\u0131lan t\u00fcm ambalaj ve paletler \u00fczerinde s\u0131k\u0131 kalite kontrol\u00fc olup t\u00fcm paletler Is\u0131l i\u015flem damgal\u0131d\u0131r.<\/p>\n<p><strong>\u00dcr\u00fcnlerimiz<\/strong><\/p>\n<p>&#8211; <a href=\"..\/tr\/our-services\/zinc-oxide-feed-grade-75-percent\/\">Zinc Oxide Feed Grade 75% &gt;&gt;<\/a><\/p>\n<p>&#8211; <a href=\"..\/tr\/our-services\/zinc-oxide-feed-grade-72-percent\/\">Zinc Oxide Feed Grade 72% &gt;&gt;<\/a><\/p>\n<p>&#8211; <a href=\"..\/tr\/our-services\/zinc-oxide-feed-coarse-1-75-percent\/\">Zinc Oxide Feed Coarse-1 \u00a075% &gt;&gt;<\/a><\/p>\n<p>&#8211; <a href=\"..\/tr\/our-services\/zinc-oxide-feed-coarse-2-percent-75\/\">Zinc Oxide Feed Coarse-2 \u00a075% &gt;&gt;<\/a><\/p>","protected":false},"excerpt":{"rendered":"<p>\u00dcretim: \u0130\u015f ak\u0131\u015f\u0131m\u0131z\u00a0 hata\u00a0 ve gecikme kabul etmeyen sistemde haz\u0131rlanm\u0131\u015f olup, Haccp plan\u0131na uygunlu\u011fu test edilip onaylanm\u0131\u015ft\u0131r. M\u00fc\u015fteri Memnuniyeti odakl\u0131 \u00e7al\u0131\u015fmalar\u0131m\u0131z\u0131n s\u00fcrd\u00fcr\u00fclebilirli\u011fini her y\u0131l m\u00fc\u015fterilerimizle yapt\u0131\u011f\u0131m\u0131z anketlerle al\u0131yoruz. \u00dcretim tesisleri, kaliteli bir \u00fcr\u00fcn\u00fcn imalat\u0131 i\u00e7in gerekli olan t\u00fcm par\u00e7alar\u0131 ve makineleri i\u00e7ermektedir. \u00dcr\u00fcn kalitesi her sevkiyat \u00f6ncesi ve sonras\u0131nda, i\u00e7 ve d\u0131\u015f laboratuvarlar taraf\u0131ndan s\u00fcrekli [&hellip;]<\/p>\n","protected":false},"author":1,"featured_media":0,"parent":0,"menu_order":0,"comment_status":"closed","ping_status":"closed","template":"","meta":[],"_links":{"self":[{"href":"http:\/\/znokimya.com\/tr\/wp-json\/wp\/v2\/pages\/4724"}],"collection":[{"href":"http:\/\/znokimya.com\/tr\/wp-json\/wp\/v2\/pages"}],"about":[{"href":"http:\/\/znokimya.com\/tr\/wp-json\/wp\/v2\/types\/page"}],"author":[{"embeddable":true,"href":"http:\/\/znokimya.com\/tr\/wp-json\/wp\/v2\/users\/1"}],"replies":[{"embeddable":true,"href":"http:\/\/znokimya.com\/tr\/wp-json\/wp\/v2\/comments?post=4724"}],"version-history":[{"count":6,"href":"http:\/\/znokimya.com\/tr\/wp-json\/wp\/v2\/pages\/4724\/revisions"}],"predecessor-version":[{"id":5558,"href":"http:\/\/znokimya.com\/tr\/wp-json\/wp\/v2\/pages\/4724\/revisions\/5558"}],"wp:attachment":[{"href":"http:\/\/znokimya.com\/tr\/wp-json\/wp\/v2\/media?parent=4724"}],"curies":[{"name":"wp","href":"https:\/\/api.w.org\/{rel}","templated":true}]}}