{"id":4867,"date":"2017-03-23T06:51:33","date_gmt":"2017-03-23T06:51:33","guid":{"rendered":"https:\/\/promenadethemes.com\/demo\/winsome\/onepage\/?page_id=4867"},"modified":"2018-04-13T18:56:13","modified_gmt":"2018-04-13T15:56:13","slug":"multipurpose-creative-theme","status":"publish","type":"page","link":"http:\/\/znokimya.com\/tr\/sliders\/multipurpose-creative-theme\/","title":{"rendered":"T\u00fcrkiye&#8217;nin \u00d6nde Gelen Yemlik \u00c7inko Oksit \u00dcreticisi"},"content":{"rendered":"<p>Hammaddeler ve \u00fcr\u00fcnler hem fabrika i\u00e7inde kurulu iki laboratuvarda hem de ba\u011f\u0131ms\u0131z uluslararas\u0131 akredite laboratuvarlar\u0131nda test edilerek m\u00fc\u015fterilere sunulmaktad\u0131r.<\/p>","protected":false},"excerpt":{"rendered":"<p>Hammaddeler ve \u00fcr\u00fcnler hem fabrika i\u00e7inde kurulu iki laboratuvarda hem de ba\u011f\u0131ms\u0131z uluslararas\u0131 akredite laboratuvarlar\u0131nda test edilerek m\u00fc\u015fterilere sunulmaktad\u0131r.<\/p>\n","protected":false},"author":1,"featured_media":5482,"parent":4865,"menu_order":0,"comment_status":"closed","ping_status":"closed","template":"","meta":[],"_links":{"self":[{"href":"http:\/\/znokimya.com\/tr\/wp-json\/wp\/v2\/pages\/4867"}],"collection":[{"href":"http:\/\/znokimya.com\/tr\/wp-json\/wp\/v2\/pages"}],"about":[{"href":"http:\/\/znokimya.com\/tr\/wp-json\/wp\/v2\/types\/page"}],"author":[{"embeddable":true,"href":"http:\/\/znokimya.com\/tr\/wp-json\/wp\/v2\/users\/1"}],"replies":[{"embeddable":true,"href":"http:\/\/znokimya.com\/tr\/wp-json\/wp\/v2\/comments?post=4867"}],"version-history":[{"count":4,"href":"http:\/\/znokimya.com\/tr\/wp-json\/wp\/v2\/pages\/4867\/revisions"}],"predecessor-version":[{"id":5501,"href":"http:\/\/znokimya.com\/tr\/wp-json\/wp\/v2\/pages\/4867\/revisions\/5501"}],"up":[{"embeddable":true,"href":"http:\/\/znokimya.com\/tr\/wp-json\/wp\/v2\/pages\/4865"}],"wp:featuredmedia":[{"embeddable":true,"href":"http:\/\/znokimya.com\/tr\/wp-json\/wp\/v2\/media\/5482"}],"wp:attachment":[{"href":"http:\/\/znokimya.com\/tr\/wp-json\/wp\/v2\/media?parent=4867"}],"curies":[{"name":"wp","href":"https:\/\/api.w.org\/{rel}","templated":true}]}}