{"id":4869,"date":"2017-03-23T06:53:35","date_gmt":"2017-03-23T06:53:35","guid":{"rendered":"https:\/\/promenadethemes.com\/demo\/winsome\/onepage\/?page_id=4869"},"modified":"2018-04-13T19:01:26","modified_gmt":"2018-04-13T16:01:26","slug":"elegant-and-modern-design","status":"publish","type":"page","link":"http:\/\/znokimya.com\/tr\/sliders\/elegant-and-modern-design\/","title":{"rendered":"Y\u00fcksek Kaliteye Sahip \u00c7inko Oksit Yem Katk\u0131 Maddeleri"},"content":{"rendered":"<p>Tamamen modernize fabrikada \u00f6zel y\u00f6ntemlerle y\u0131lda 5.000 ton min 72% Zn ve min 75% Zn \u00c7inko Oksit yem katk\u0131 maddeleri \u00fcretilmektedir.<\/p>","protected":false},"excerpt":{"rendered":"<p>Tamamen modernize fabrikada \u00f6zel y\u00f6ntemlerle y\u0131lda 5.000 ton min 72% Zn ve min 75% Zn \u00c7inko Oksit yem katk\u0131 maddeleri \u00fcretilmektedir.<\/p>\n","protected":false},"author":1,"featured_media":5340,"parent":4865,"menu_order":0,"comment_status":"closed","ping_status":"closed","template":"","meta":[],"_links":{"self":[{"href":"http:\/\/znokimya.com\/tr\/wp-json\/wp\/v2\/pages\/4869"}],"collection":[{"href":"http:\/\/znokimya.com\/tr\/wp-json\/wp\/v2\/pages"}],"about":[{"href":"http:\/\/znokimya.com\/tr\/wp-json\/wp\/v2\/types\/page"}],"author":[{"embeddable":true,"href":"http:\/\/znokimya.com\/tr\/wp-json\/wp\/v2\/users\/1"}],"replies":[{"embeddable":true,"href":"http:\/\/znokimya.com\/tr\/wp-json\/wp\/v2\/comments?post=4869"}],"version-history":[{"count":6,"href":"http:\/\/znokimya.com\/tr\/wp-json\/wp\/v2\/pages\/4869\/revisions"}],"predecessor-version":[{"id":5503,"href":"http:\/\/znokimya.com\/tr\/wp-json\/wp\/v2\/pages\/4869\/revisions\/5503"}],"up":[{"embeddable":true,"href":"http:\/\/znokimya.com\/tr\/wp-json\/wp\/v2\/pages\/4865"}],"wp:featuredmedia":[{"embeddable":true,"href":"http:\/\/znokimya.com\/tr\/wp-json\/wp\/v2\/media\/5340"}],"wp:attachment":[{"href":"http:\/\/znokimya.com\/tr\/wp-json\/wp\/v2\/media?parent=4869"}],"curies":[{"name":"wp","href":"https:\/\/api.w.org\/{rel}","templated":true}]}}