{"id":5311,"date":"2018-04-06T17:15:56","date_gmt":"2018-04-06T14:15:56","guid":{"rendered":"http:\/\/188.132.157.36\/~znokimy1\/?page_id=5311"},"modified":"2019-10-09T10:32:02","modified_gmt":"2019-10-09T07:32:02","slug":"hakkimizda","status":"publish","type":"page","link":"http:\/\/znokimya.com\/tr\/hakkimizda\/","title":{"rendered":"Hakk\u0131m\u0131zda"},"content":{"rendered":"<p><\/p>\n<p style=\"text-align: justify;\"><img loading=\"lazy\" class=\"wp-image-5598 size-large alignleft\" src=\"http:\/\/znokimya.com\/wp-content\/uploads\/2019\/10\/FABR\u0130KA-DI\u015e-1-1-1024x249.jpg\" alt=\"\" width=\"810\" height=\"197\" srcset=\"http:\/\/znokimya.com\/wp-content\/uploads\/2019\/10\/FABR\u0130KA-DI\u015e-1-1-1024x249.jpg 1024w, http:\/\/znokimya.com\/wp-content\/uploads\/2019\/10\/FABR\u0130KA-DI\u015e-1-1-300x73.jpg 300w, http:\/\/znokimya.com\/wp-content\/uploads\/2019\/10\/FABR\u0130KA-DI\u015e-1-1-768x187.jpg 768w, http:\/\/znokimya.com\/wp-content\/uploads\/2019\/10\/FABR\u0130KA-DI\u015e-1-1.jpg 1632w\" sizes=\"(max-width: 810px) 100vw, 810px\" \/><\/p>\n<p style=\"text-align: justify;\">ZNO KimyaMetal Nakliye San. Tic.Ltd.\u015eti. T\u00fcrkiye&#8217;nin \u00f6nde gelen yemlik \u00c7inko oksit \u00fcretici firmas\u0131 olup 2006 y\u0131l\u0131nda\u00a0Ni\u011fde Bor Organize Sanayi B\u00f6lgesinde kurulmu\u015ftur. Tamamen modernizefabrikas\u0131nda \u00f6zel y\u00f6ntemlerle y\u0131lda 5.000 tonmin 72% Zn ve min 75% Zn\u00c7inko Oksit yem katk\u0131 maddeleri \u00fcretmektedir.<\/p>\n<p style=\"text-align: justify;\">\u0130\u015fletme stratejisit\u00fcm uluslararas\u0131 pazarlarla y\u00fczle\u015fmektir. \u0130hracatlar\u0131 kapasitesinin% 92&#8217;sini olu\u015fturmakla beraber \u00a0&#8220;S\u00fcrekli B\u00fcy\u00fcme&#8221; ve &#8220;Profesyonellik&#8221; \u015eirketin ana ilkelerindendir. Bu ba\u011flamda \u00fcst\u00fcn hizmet <strong>kalitesiyle d\u00fcnyan\u0131n 45 \u00fclkesinin ihracat taleplerini kar\u015f\u0131layabilmektedir.<\/strong><\/p>\n<p style=\"text-align: justify;\">Y\u00fcksek kaliteye sahip \u00fcr\u00fcnlerin elde edilebilmesi i\u00e7in \u00fcretimden sevkiyata kadar ge\u00e7en s\u00fcre \u00f6zenle denetlenmekte, hammaddeler ve \u00fcr\u00fcnler hem fabrika i\u00e7inde kurulu iki laboratuvarda hem de ba\u011f\u0131ms\u0131z uluslararas\u0131 akreditelaboratuvarlar\u0131nda test edilerek m\u00fc\u015fterilere sunulmaktad\u0131r.<\/p>\n<p style=\"text-align: justify;\">Alanlar\u0131nda Uzman personeli, kurumsal yap\u0131s\u0131 ve m\u00fc\u015fteri odakl\u0131 hizmet anlay\u0131\u015f\u0131 ile ge\u00e7mi\u015fte oldu\u011fu gibi bug\u00fcn de yurt i\u00e7inde ve yurt d\u0131\u015f\u0131nda konu\u015flu t\u00fcm m\u00fc\u015fterilere en iyiyi sunmay\u0131 ama\u00e7lamaktad\u0131r.<\/p>\n<p style=\"text-align: justify;\"><strong>Vizyon <\/strong><\/p>\n<p style=\"text-align: justify;\">ZNO Kimya, \u00fcretim kalitesine en y\u00fcksek standartta ba\u011fl\u0131 kalarak \u00fcr\u00fcnlerini uluslararas\u0131 pazarlara g\u00fcvenle sunmaktad\u0131r.Amac\u0131m\u0131z; kalitemiz ve hizmetimizle \u00f6nce g\u00fcvenitesisetmek sonra t\u00fcm m\u00fc\u015fterilerimizle ve tedarik\u00e7ilerimizle uzun s\u00fcreli i\u015f birli\u011fini daha ileriye ta\u015f\u0131yabilmektir.<\/p>\n<p style=\"text-align: justify;\"><strong>Misyon<\/strong><\/p>\n<p style=\"text-align: justify;\">Zno Kimya ailesi olarak kaliteli ve g\u00fcvenilir \u00fcr\u00fcn \u00f6nceli\u011fimiz olup tesislerimizin geri d\u00f6n\u00fc\u015f\u00fcm \u00fcretimleri sayesinde do\u011faya katk\u0131 sa\u011flamas\u0131 gurur ve \u00f6v\u00fcn\u00e7 kayna\u011f\u0131m\u0131zd\u0131r.<\/p>\n<p><\/p>","protected":false},"excerpt":{"rendered":"<p>ZNO KimyaMetal Nakliye San. Tic.Ltd.\u015eti. T\u00fcrkiye&#8217;nin \u00f6nde gelen yemlik \u00c7inko oksit \u00fcretici firmas\u0131 olup 2006 y\u0131l\u0131nda\u00a0Ni\u011fde Bor Organize Sanayi B\u00f6lgesinde kurulmu\u015ftur. Tamamen modernizefabrikas\u0131nda \u00f6zel y\u00f6ntemlerle y\u0131lda 5.000 tonmin 72% Zn ve min 75% Zn\u00c7inko Oksit yem katk\u0131 maddeleri \u00fcretmektedir. \u0130\u015fletme stratejisit\u00fcm uluslararas\u0131 pazarlarla y\u00fczle\u015fmektir. \u0130hracatlar\u0131 kapasitesinin% 92&#8217;sini olu\u015fturmakla beraber \u00a0&#8220;S\u00fcrekli B\u00fcy\u00fcme&#8221; ve &#8220;Profesyonellik&#8221; \u015eirketin ana [&hellip;]<\/p>\n","protected":false},"author":1,"featured_media":0,"parent":0,"menu_order":0,"comment_status":"closed","ping_status":"closed","template":"","meta":[],"_links":{"self":[{"href":"http:\/\/znokimya.com\/tr\/wp-json\/wp\/v2\/pages\/5311"}],"collection":[{"href":"http:\/\/znokimya.com\/tr\/wp-json\/wp\/v2\/pages"}],"about":[{"href":"http:\/\/znokimya.com\/tr\/wp-json\/wp\/v2\/types\/page"}],"author":[{"embeddable":true,"href":"http:\/\/znokimya.com\/tr\/wp-json\/wp\/v2\/users\/1"}],"replies":[{"embeddable":true,"href":"http:\/\/znokimya.com\/tr\/wp-json\/wp\/v2\/comments?post=5311"}],"version-history":[{"count":13,"href":"http:\/\/znokimya.com\/tr\/wp-json\/wp\/v2\/pages\/5311\/revisions"}],"predecessor-version":[{"id":5602,"href":"http:\/\/znokimya.com\/tr\/wp-json\/wp\/v2\/pages\/5311\/revisions\/5602"}],"wp:attachment":[{"href":"http:\/\/znokimya.com\/tr\/wp-json\/wp\/v2\/media?parent=5311"}],"curies":[{"name":"wp","href":"https:\/\/api.w.org\/{rel}","templated":true}]}}