{"id":5380,"date":"2018-04-07T13:54:18","date_gmt":"2018-04-07T10:54:18","guid":{"rendered":"http:\/\/188.132.157.36\/~znokimy1\/?page_id=5380"},"modified":"2018-04-14T12:48:58","modified_gmt":"2018-04-14T09:48:58","slug":"surdurulebilirlik","status":"publish","type":"page","link":"http:\/\/znokimya.com\/tr\/surdurulebilirlik\/","title":{"rendered":"S\u00fcrd\u00fcr\u00fclebilirlik"},"content":{"rendered":"<p><\/p>\n<h3 style=\"text-align: justify;\">S\u00fcrd\u00fcr\u00fclebilirlik Stratejisi<\/h3>\n<p style=\"text-align: justify;\">ZNO Kimya, <strong>s\u00fcrd\u00fcr\u00fclebilir bir gelecek i\u00e7in<\/strong> \u00fcretim kalitesine en y\u00fcksek standartta ba\u011fl\u0131 kalarak \u00fcr\u00fcnlerini uluslararas\u0131 pazarlara g\u00fcvenle sunmak<strong> vizyonu ile \u00e7al\u0131\u015fmalar\u0131na y\u00f6n vermektedir. Bu <img loading=\"lazy\" class=\"alignright size-medium wp-image-5382\" src=\"http:\/\/188.132.157.36\/~znokimy1\/wp-content\/uploads\/2018\/04\/surdurulebilirlik-yonetimi-main-300x150.jpg\" alt=\"\" width=\"300\" height=\"150\" srcset=\"http:\/\/znokimya.com\/wp-content\/uploads\/2018\/04\/surdurulebilirlik-yonetimi-main-300x150.jpg 300w, http:\/\/znokimya.com\/wp-content\/uploads\/2018\/04\/surdurulebilirlik-yonetimi-main.jpg 600w\" sizes=\"(max-width: 300px) 100vw, 300px\" \/>do\u011frultuda ana hedef s\u00fcrd\u00fcr\u00fclebilirlik yakla\u015f\u0131m\u0131n\u0131 kurum k\u00fclt\u00fcr\u00fcn\u00fcn bir par\u00e7as\u0131 haline getirmek, bireylerin, ekiplerin, uygulama ve i\u015f yap\u0131\u015f s\u00fcre\u00e7lerine \u00fcr\u00fcn ve hizmetler ile<\/strong> b\u00fct\u00fcnle\u015ftirmektir.<\/p>\n<p style=\"text-align: justify;\">Bu hedefe ula\u015fmak i\u00e7in s\u00fcrd\u00fcr\u00fclebilirlik \u00e7al\u0131\u015fmalar\u0131nda;<\/p>\n<ul style=\"text-align: justify;\">\n<li><strong>\u00e7evreye katk\u0131<\/strong><\/li>\n<li>Sosyal ve \u00e7evresel risklerin y\u00f6netimi<\/li>\n<li><strong>\u015feffafl\u0131k<\/strong><\/li>\n<li>Pazar ve <strong>Tedarik zincirinin entegrasyonu<\/strong> konular\u0131na \u00f6zenle odaklanan, ZnoKimya\u2019n\u0131nS\u00fcrd\u00fcr\u00fclebilirlik \u00d6nceliklerini \u00fcretim politikalar\u0131, liderlik, inovasyon ve \u00e7evreci yat\u0131r\u0131mlar olu\u015fturmaktad\u0131r.<\/li>\n<\/ul>\n<p><\/p>","protected":false},"excerpt":{"rendered":"<p>S\u00fcrd\u00fcr\u00fclebilirlik Stratejisi ZNO Kimya, s\u00fcrd\u00fcr\u00fclebilir bir gelecek i\u00e7in \u00fcretim kalitesine en y\u00fcksek standartta ba\u011fl\u0131 kalarak \u00fcr\u00fcnlerini uluslararas\u0131 pazarlara g\u00fcvenle sunmak vizyonu ile \u00e7al\u0131\u015fmalar\u0131na y\u00f6n vermektedir. Bu do\u011frultuda ana hedef s\u00fcrd\u00fcr\u00fclebilirlik yakla\u015f\u0131m\u0131n\u0131 kurum k\u00fclt\u00fcr\u00fcn\u00fcn bir par\u00e7as\u0131 haline getirmek, bireylerin, ekiplerin, uygulama ve i\u015f yap\u0131\u015f s\u00fcre\u00e7lerine \u00fcr\u00fcn ve hizmetler ile b\u00fct\u00fcnle\u015ftirmektir. Bu hedefe ula\u015fmak i\u00e7in s\u00fcrd\u00fcr\u00fclebilirlik \u00e7al\u0131\u015fmalar\u0131nda; [&hellip;]<\/p>\n","protected":false},"author":1,"featured_media":0,"parent":0,"menu_order":0,"comment_status":"closed","ping_status":"closed","template":"","meta":[],"_links":{"self":[{"href":"http:\/\/znokimya.com\/tr\/wp-json\/wp\/v2\/pages\/5380"}],"collection":[{"href":"http:\/\/znokimya.com\/tr\/wp-json\/wp\/v2\/pages"}],"about":[{"href":"http:\/\/znokimya.com\/tr\/wp-json\/wp\/v2\/types\/page"}],"author":[{"embeddable":true,"href":"http:\/\/znokimya.com\/tr\/wp-json\/wp\/v2\/users\/1"}],"replies":[{"embeddable":true,"href":"http:\/\/znokimya.com\/tr\/wp-json\/wp\/v2\/comments?post=5380"}],"version-history":[{"count":4,"href":"http:\/\/znokimya.com\/tr\/wp-json\/wp\/v2\/pages\/5380\/revisions"}],"predecessor-version":[{"id":5543,"href":"http:\/\/znokimya.com\/tr\/wp-json\/wp\/v2\/pages\/5380\/revisions\/5543"}],"wp:attachment":[{"href":"http:\/\/znokimya.com\/tr\/wp-json\/wp\/v2\/media?parent=5380"}],"curies":[{"name":"wp","href":"https:\/\/api.w.org\/{rel}","templated":true}]}}