{"id":5385,"date":"2018-04-07T14:01:43","date_gmt":"2018-04-07T11:01:43","guid":{"rendered":"http:\/\/188.132.157.36\/~znokimy1\/?page_id=5385"},"modified":"2020-03-17T15:32:07","modified_gmt":"2020-03-17T12:32:07","slug":"kalite","status":"publish","type":"page","link":"http:\/\/znokimya.com\/tr\/kalite\/","title":{"rendered":"Kalite"},"content":{"rendered":"<p><\/p>\n<p style=\"text-align: justify;\"><img loading=\"lazy\" class=\"wp-image-5386 alignright\" src=\"http:\/\/188.132.157.36\/~znokimy1\/wp-content\/uploads\/2018\/04\/Pappe-300x177.jpg\" alt=\"\" width=\"274\" height=\"162\" srcset=\"http:\/\/znokimya.com\/wp-content\/uploads\/2018\/04\/Pappe-300x177.jpg 300w, http:\/\/znokimya.com\/wp-content\/uploads\/2018\/04\/Pappe.jpg 504w\" sizes=\"(max-width: 274px) 100vw, 274px\" \/><\/p>\n<p><strong>KAL\u0130TE, \u00dcR\u00dcN G\u00dcVENL\u0130\u011e\u0130 VE FAMI-QS POL\u0130T\u0130KASI<\/strong><\/p>\n<p>ZNO Kimya olarak, m\u00fc\u015fterilerimizin g\u00fcvenini ve memnuniyetini sa\u011flayacak y\u00fcksek kaliteli ve g\u00fcvenilir \u00fcr\u00fcnler sunmak ana prensibimizdir. Bu do\u011frultuda Yemlik \u00c7inko Oksit imalat\u0131n\u0131 ger\u00e7ekle\u015ftirmekteyiz.<\/p>\n<p>&nbsp;<\/p>\n<ul>\n<li>Kalite, \u00dcr\u00fcn G\u00fcvenli\u011fi ve FAMI-QS Sistemlerini uygulamay\u0131, iyile\u015ftirmeyi ve s\u00fcreklili\u011fini sa\u011flamay\u0131,<\/li>\n<li>G\u0131da zincirinin her a\u015famas\u0131nda g\u0131da sahtecili\u011fini \u00f6nlemek i\u00e7in t\u00fcm tedbirleri almay\u0131,<\/li>\n<li>\u00dcr\u00fcnlerimizi uluslararas\u0131 standartlara, yasal y\u00f6netmeliklere ve m\u00fc\u015fteri \u015fartlar\u0131na uygun bir \u015fekilde imal etmek ve bunun i\u00e7in t\u00fcm \u00e7al\u0131\u015fanlar\u0131m\u0131z\u0131n hassasiyetini sa\u011flamay\u0131,<\/li>\n<li>T\u00fcm \u00e7al\u0131\u015fanlar\u0131n politikam\u0131z do\u011frultusunda \u00e7al\u0131\u015fmalar\u0131n\u0131 sa\u011flamay\u0131 ve ekip \u00e7al\u0131\u015fmas\u0131n\u0131 benimsetmeyi,<\/li>\n<li>T\u00fcrkiye\u2019de ve ana hedef olan Avrupa Pazar\u0131nda \u00fcr\u00fcn kalitesiyle g\u00fcvenilirli\u011fi en \u00fcst d\u00fczeyde olan kurulu\u015flar\u0131n ba\u015f\u0131nda olmay\u0131,<\/li>\n<li>\u00dcr\u00fcnlerimizi \u00fcretirken \u00fcr\u00fcn g\u00fcvenli\u011fi, kalite, \u00e7evre ve i\u015f g\u00fcvenli\u011fi kurallar\u0131na uygun hareket etmeyi,<\/li>\n<\/ul>\n<p>Taahh\u00fct ederiz&#8230;<\/p>\n<p>&nbsp;<\/p>\n<p>&nbsp;<\/p>","protected":false},"excerpt":{"rendered":"<p>KAL\u0130TE, \u00dcR\u00dcN G\u00dcVENL\u0130\u011e\u0130 VE FAMI-QS POL\u0130T\u0130KASI ZNO Kimya olarak, m\u00fc\u015fterilerimizin g\u00fcvenini ve memnuniyetini sa\u011flayacak y\u00fcksek kaliteli ve g\u00fcvenilir \u00fcr\u00fcnler sunmak ana prensibimizdir. Bu do\u011frultuda Yemlik \u00c7inko Oksit imalat\u0131n\u0131 ger\u00e7ekle\u015ftirmekteyiz. &nbsp; Kalite, \u00dcr\u00fcn G\u00fcvenli\u011fi ve FAMI-QS Sistemlerini uygulamay\u0131, iyile\u015ftirmeyi ve s\u00fcreklili\u011fini sa\u011flamay\u0131, G\u0131da zincirinin her a\u015famas\u0131nda g\u0131da sahtecili\u011fini \u00f6nlemek i\u00e7in t\u00fcm tedbirleri almay\u0131, \u00dcr\u00fcnlerimizi uluslararas\u0131 standartlara, [&hellip;]<\/p>\n","protected":false},"author":1,"featured_media":0,"parent":0,"menu_order":0,"comment_status":"closed","ping_status":"closed","template":"","meta":[],"_links":{"self":[{"href":"http:\/\/znokimya.com\/tr\/wp-json\/wp\/v2\/pages\/5385"}],"collection":[{"href":"http:\/\/znokimya.com\/tr\/wp-json\/wp\/v2\/pages"}],"about":[{"href":"http:\/\/znokimya.com\/tr\/wp-json\/wp\/v2\/types\/page"}],"author":[{"embeddable":true,"href":"http:\/\/znokimya.com\/tr\/wp-json\/wp\/v2\/users\/1"}],"replies":[{"embeddable":true,"href":"http:\/\/znokimya.com\/tr\/wp-json\/wp\/v2\/comments?post=5385"}],"version-history":[{"count":9,"href":"http:\/\/znokimya.com\/tr\/wp-json\/wp\/v2\/pages\/5385\/revisions"}],"predecessor-version":[{"id":5624,"href":"http:\/\/znokimya.com\/tr\/wp-json\/wp\/v2\/pages\/5385\/revisions\/5624"}],"wp:attachment":[{"href":"http:\/\/znokimya.com\/tr\/wp-json\/wp\/v2\/media?parent=5385"}],"curies":[{"name":"wp","href":"https:\/\/api.w.org\/{rel}","templated":true}]}}