{"id":5391,"date":"2018-04-07T18:55:47","date_gmt":"2018-04-07T15:55:47","guid":{"rendered":"http:\/\/188.132.157.36\/~znokimy1\/?page_id=5391"},"modified":"2018-04-16T09:15:24","modified_gmt":"2018-04-16T06:15:24","slug":"sertifikalarimiz","status":"publish","type":"page","link":"http:\/\/znokimya.com\/tr\/sertifikalarimiz\/","title":{"rendered":"Sertifikalar\u0131m\u0131z"},"content":{"rendered":"<p><a href=\"..\/~znokimy1\/sertifika-gorselleri\/\"><strong>Orjinal Sertifika G\u00f6rsellerimizi G\u00f6rmek \u0130\u00e7in TIKLAYINIZ&gt;&gt;&gt;<\/strong><\/a><\/p>\n<p style=\"text-align: justify;\"><strong>FAMI- QS :<\/strong><\/p>\n<p style=\"text-align: justify;\">Hayvan yemleri ve katk\u0131 maddelerinin do\u011frulanabilir g\u00fcvenlik sertifika kodudur. G\u00fcvensiz yemlerin g\u0131da zincirine dahil olmas\u0131n\u0131 engellemek i\u00e7in kalite ve yasal mevzuatlar\u0131 da g\u00f6zeterek uygunluk <a href=\"..\/~znokimy1\/sertifika-gorselleri\/\"><img loading=\"lazy\" class=\"alignright size-medium wp-image-5414\" src=\"http:\/\/188.132.157.36\/~znokimy1\/wp-content\/uploads\/2018\/04\/ZNO_FAMI-QS_Certificate_2016-1-212x300.jpg\" alt=\"\" width=\"212\" height=\"300\" srcset=\"http:\/\/znokimya.com\/wp-content\/uploads\/2018\/04\/ZNO_FAMI-QS_Certificate_2016-1-212x300.jpg 212w, http:\/\/znokimya.com\/wp-content\/uploads\/2018\/04\/ZNO_FAMI-QS_Certificate_2016-1-768x1086.jpg 768w, http:\/\/znokimya.com\/wp-content\/uploads\/2018\/04\/ZNO_FAMI-QS_Certificate_2016-1-724x1024.jpg 724w\" sizes=\"(max-width: 212px) 100vw, 212px\" \/><\/a>de\u011ferlendirmesine tabi tutulur. Yem izlenebilirli\u011finin ve \u00a0hijyenin sa\u011flanmas\u0131 ile ilgili kurallar \u00e7er\u00e7evesinde yem i\u015fletmelerinin yemlerin piyasaya sunmadan tehlikelerin kontrol alt\u0131na al\u0131nmas\u0131 ve yemin t\u00fcketilmesinin uygunlu\u011funun sa\u011flanmas\u0131 i\u00e7in belirli \u015fartlar\u0131 kapsayan standartt\u0131r. Bu \u015fartlar\u0131n yerine getirilmesi ile yem i\u015fletmelerine, yem \u00fcreticiler\u00a0FAMI QS Belgesi \/ FAMI QS Sertifikas\u0131\u00a0alabilirler.<\/p>\n<p style=\"text-align: justify;\">FAMI QS Sertifikas\u0131 alman\u0131n amac\u0131 \u00a0risk olu\u015fturacak yemlerin g\u0131da zincirine dahil olmas\u0131n\u0131 \u00f6nlemek ve kaliteli ve yasal y\u00fck\u00fcml\u00fcl\u00fcklere uygun yemlerin \u00fcretilmesini sa\u011flamak i\u00e7in denetim be sertifikasyon sa\u011flamaktad\u0131r.<\/p>\n<p style=\"text-align: justify;\">Yem Hijyen Y\u00f6netmeli\u011fi (183\/2005 \/ EC) \u00a0\u00f6zel yem maddeleri ve bunlar\u0131n kar\u0131\u015f\u0131mlar\u0131 ve b\u00fct\u00fcn yem zinciri i\u00e7in hijyen ve g\u00fcvenlik \u015fartlar\u0131n\u0131 ve \u00a0yem g\u00fcvenli\u011fi i\u00e7in \u00a0gerekliliklerin yerine getirilmesini kapsar.<\/p>\n<p style=\"text-align: justify;\"><strong>ISO 22000 : \u00a0<\/strong><\/p>\n<p style=\"text-align: justify;\">Eyl\u00fcl 2005 te yay\u0131nlanan ISO 22000 G\u0131da G\u00fcvenli\u011fi Y\u00f6netim Sistemi; d\u00fcnya \u00e7ap\u0131nda g\u00fcvenli g\u0131da <a href=\"..\/~znokimy1\/sertifika-gorselleri\/\"><img loading=\"lazy\" class=\"alignright size-medium wp-image-5416\" src=\"http:\/\/188.132.157.36\/~znokimy1\/wp-content\/uploads\/2018\/04\/ZNO_ISO-22000_Certificate_2016-212x300.jpg\" alt=\"\" width=\"212\" height=\"300\" srcset=\"http:\/\/znokimya.com\/wp-content\/uploads\/2018\/04\/ZNO_ISO-22000_Certificate_2016-212x300.jpg 212w, http:\/\/znokimya.com\/wp-content\/uploads\/2018\/04\/ZNO_ISO-22000_Certificate_2016-768x1086.jpg 768w, http:\/\/znokimya.com\/wp-content\/uploads\/2018\/04\/ZNO_ISO-22000_Certificate_2016-724x1024.jpg 724w\" sizes=\"(max-width: 212px) 100vw, 212px\" \/><\/a>\u00fcretim zinciri olu\u015fturmak amac\u0131yla olu\u015fturulmu\u015f uluslararas\u0131 bir standartt\u0131r. Tedarik\u00e7iler, kullan\u0131c\u0131lar, yasal otoriteler, t\u00fcketiciler ve t\u00fcm ilgili birimler aras\u0131nda ileti\u015fimi ve bu sayede g\u00fcvenli g\u0131dan\u0131n her basamakta izlenebilirli\u011fini sa\u011flamay\u0131 esas almaktad\u0131r.<\/p>\n<p style=\"text-align: justify;\">Bu Standart, g\u0131da zinciri boyunca son t\u00fcketime kadar g\u0131da g\u00fcvenli\u011fini sa\u011flamak i\u00e7in takip eden genellikle anahtar \u00f6\u011feler olarak kabul edilen \u00f6\u011feleri birle\u015ftiren g\u0131da g\u00fcvenli\u011fi y\u00f6netim sistemi i\u00e7in ihtiya\u00e7lar\u0131 tan\u0131mlamaktad\u0131r.<\/p>\n<p style=\"text-align: justify;\">Bu ihtiya\u00e7lar;<\/p>\n<p style=\"text-align: justify;\">&#8211; \u0130nteraktif ileti\u015fim<\/p>\n<p style=\"text-align: justify;\">-Sistem y\u00f6netimi<\/p>\n<p style=\"text-align: justify;\">-\u00d6n gereksinim Programlar\u0131<\/p>\n<p style=\"text-align: justify;\">&#8211;<a href=\"http:\/\/www.wcs.com.tr\/iso22000_kalite_nedir.htm\">HACCP\u00a0<\/a>prensipleri<\/p>\n<p style=\"text-align: justify;\"><strong>ISO 9001 Kalite Y\u00f6netim Sistemi (QMS) : <\/strong><\/p>\n<p style=\"text-align: justify;\">K\u00fc\u00e7\u00fck, orta ve b\u00fcy\u00fck \u00f6l\u00e7ekli, her t\u00fcrl\u00fc sekt\u00f6rde faaliyet g\u00f6steren organizasyonlara uygulanabilen ISO <a href=\"..\/~znokimy1\/sertifika-gorselleri\/\"><img loading=\"lazy\" class=\"alignright size-medium wp-image-5417\" src=\"http:\/\/188.132.157.36\/~znokimy1\/wp-content\/uploads\/2018\/04\/ZNO_QMS_Certificate_ENG_UKAS_2016-212x300.jpg\" alt=\"\" width=\"212\" height=\"300\" srcset=\"http:\/\/znokimya.com\/wp-content\/uploads\/2018\/04\/ZNO_QMS_Certificate_ENG_UKAS_2016-212x300.jpg 212w, http:\/\/znokimya.com\/wp-content\/uploads\/2018\/04\/ZNO_QMS_Certificate_ENG_UKAS_2016-768x1086.jpg 768w, http:\/\/znokimya.com\/wp-content\/uploads\/2018\/04\/ZNO_QMS_Certificate_ENG_UKAS_2016-724x1024.jpg 724w\" sizes=\"(max-width: 212px) 100vw, 212px\" \/><\/a>9001 Kalite Y\u00f6netim Sistemi (KYS) kurulu\u015flar\u0131n sistemli ve uluslararas\u0131 kabul g\u00f6rm\u00fc\u015f standardlar seviyesinde ba\u015far\u0131 ile \u00e7al\u0131\u015fmas\u0131n\u0131, t\u00fcm faaliyetlerini s\u00fcrd\u00fcrmesini sa\u011flar. Y\u00f6netimin ba\u015far\u0131s\u0131 kurulu\u015funun ba\u015far\u0131s\u0131 i\u00e7in en \u00f6nemli etkendir. \u0130yi y\u00f6netilemeyen bir organizasyon teknik bak\u0131mdan ne kadar g\u00fc\u00e7l\u00fc olursa olsun varl\u0131\u011f\u0131n\u0131 sa\u011fl\u0131kl\u0131 bir \u015fekilde s\u00fcrd\u00fcremez. \u0130yi y\u00f6netim ba\u015far\u0131n\u0131n anahtar\u0131d\u0131r. Bir kurulu\u015fun ba\u015far\u0131l\u0131 bir \u015fekilde \u00e7al\u0131\u015fmas\u0131 i\u00e7in sistematik ve \u015feffaf bir \u015fekilde y\u00f6netilmesi ve kontrol edilmesi gerekir. Ba\u015far\u0131, ilgili taraflar\u0131n ihtiya\u00e7lar\u0131 ele al\u0131n\u0131rken, performans\u0131 s\u00fcrekli olarak iyile\u015ftirmeye y\u00f6nelik tasarlanan bir y\u00f6netim sisteminin uygulanmas\u0131ndan ge\u00e7er. ISO 9001 KYS m\u00fc\u015fteri odakl\u0131 ve s\u00fcrekli geli\u015fim felsefesiyle, m\u00fc\u015fteri memnuniyeti ve karl\u0131l\u0131k sa\u011flamak i\u00e7in gerekli bir ara\u00e7t\u0131r. Yasal \u015fartlar ve m\u00fc\u015fteri ihtiya\u00e7lar\u0131n\u0131 temel alarak, s\u00fcrekli iyile\u015ftirme d\u00f6ng\u00fcs\u00fc ile m\u00fc\u015fteri memnuniyetine odaklanm\u0131\u015ft\u0131r.<\/p>\n<p><a href=\"..\/~znokimy1\/sertifika-gorselleri\/\"><strong>Orjinal Sertifika G\u00f6rsellerimizi G\u00f6rmek \u0130\u00e7in TIKLAYINIZ&gt;&gt;&gt;<\/strong><\/a><\/p>","protected":false},"excerpt":{"rendered":"<p>Orjinal Sertifika G\u00f6rsellerimizi G\u00f6rmek \u0130\u00e7in TIKLAYINIZ&gt;&gt;&gt; FAMI- QS : Hayvan yemleri ve katk\u0131 maddelerinin do\u011frulanabilir g\u00fcvenlik sertifika kodudur. G\u00fcvensiz yemlerin g\u0131da zincirine dahil olmas\u0131n\u0131 engellemek i\u00e7in kalite ve yasal mevzuatlar\u0131 da g\u00f6zeterek uygunluk de\u011ferlendirmesine tabi tutulur. Yem izlenebilirli\u011finin ve \u00a0hijyenin sa\u011flanmas\u0131 ile ilgili kurallar \u00e7er\u00e7evesinde yem i\u015fletmelerinin yemlerin piyasaya sunmadan tehlikelerin kontrol alt\u0131na al\u0131nmas\u0131 ve [&hellip;]<\/p>\n","protected":false},"author":1,"featured_media":0,"parent":0,"menu_order":0,"comment_status":"closed","ping_status":"closed","template":"","meta":[],"_links":{"self":[{"href":"http:\/\/znokimya.com\/tr\/wp-json\/wp\/v2\/pages\/5391"}],"collection":[{"href":"http:\/\/znokimya.com\/tr\/wp-json\/wp\/v2\/pages"}],"about":[{"href":"http:\/\/znokimya.com\/tr\/wp-json\/wp\/v2\/types\/page"}],"author":[{"embeddable":true,"href":"http:\/\/znokimya.com\/tr\/wp-json\/wp\/v2\/users\/1"}],"replies":[{"embeddable":true,"href":"http:\/\/znokimya.com\/tr\/wp-json\/wp\/v2\/comments?post=5391"}],"version-history":[{"count":8,"href":"http:\/\/znokimya.com\/tr\/wp-json\/wp\/v2\/pages\/5391\/revisions"}],"predecessor-version":[{"id":5562,"href":"http:\/\/znokimya.com\/tr\/wp-json\/wp\/v2\/pages\/5391\/revisions\/5562"}],"wp:attachment":[{"href":"http:\/\/znokimya.com\/tr\/wp-json\/wp\/v2\/media?parent=5391"}],"curies":[{"name":"wp","href":"https:\/\/api.w.org\/{rel}","templated":true}]}}