{"id":5394,"date":"2018-04-07T19:16:15","date_gmt":"2018-04-07T16:16:15","guid":{"rendered":"http:\/\/188.132.157.36\/~znokimy1\/?page_id=5394"},"modified":"2019-10-09T11:04:38","modified_gmt":"2019-10-09T08:04:38","slug":"grup-firmamiz","status":"publish","type":"page","link":"http:\/\/znokimya.com\/tr\/grup-firmamiz\/","title":{"rendered":"Grup Firmam\u0131z"},"content":{"rendered":"<p><strong>SAHA METAL<\/strong><\/p>\n<p style=\"text-align: justify;\">Grup firmam\u0131z olan <strong>Saha Metal San. Tic. Ltd.<\/strong>\u015eti. bir aile \u015firketi olup, ilk temel 1959 y\u0131l\u0131nda Say\u0131n A.R\u0131za Saha Bey taraf\u0131ndan at\u0131lm\u0131\u015ft\u0131r. 1959 y\u0131l\u0131nda Saha\u00a0Metal Ticaret\u00a0firmas\u0131 A. R\u0131za Saha Bey taraf\u0131ndan kurulmu\u015f olup, bir\u00e7ok m\u00fc\u015fterisine muhtelif\u00a0metal ve ala\u015f\u0131mlar\u0131n\u0131n sat\u0131\u015f\u0131 ger\u00e7ekle\u015ftirmi\u015f ve k\u0131sa zamanda bu sekt\u00f6r\u00fcn en \u00f6nemli tedarik\u00e7ilerinden birisi haline gelmi\u015ftir.<\/p>\n<p style=\"text-align: justify;\"><img loading=\"lazy\" class=\"alignright wp-image-5395 \" src=\"http:\/\/znokimya.com\/wp-content\/uploads\/2018\/04\/2018-04-07_191608-300x123.jpg\" alt=\"\" width=\"320\" height=\"131\" srcset=\"http:\/\/znokimya.com\/wp-content\/uploads\/2018\/04\/2018-04-07_191608-300x123.jpg 300w, http:\/\/znokimya.com\/wp-content\/uploads\/2018\/04\/2018-04-07_191608-768x316.jpg 768w, http:\/\/znokimya.com\/wp-content\/uploads\/2018\/04\/2018-04-07_191608.jpg 887w\" sizes=\"(max-width: 320px) 100vw, 320px\" \/>Yurt i\u00e7inde konu\u015flu galvaniz tesislerinin duydu\u011fu k\u00fcl\u00e7e \u00e7inko ihtiyac\u0131 ve bu \u00fcr\u00fcn\u00fcn pazar pay\u0131n\u0131n b\u00fcy\u00fckl\u00fc\u011f\u00fc g\u00f6z \u00f6n\u00fcne al\u0131narak; Saha Metal San. Tic. Ltd. \u015eti. 2001 y\u0131l\u0131nda Ankara 1. Organize Sanayi B\u00f6lgesinde k\u00fcl\u00e7e \u00e7inko \u00fcretmek amac\u0131yla kurulmu\u015ftur. Ba\u015flang\u0131\u00e7ta s\u0131cak dald\u0131rma galvaniz tesislerinden \u00e7\u0131kan \u00e7inko k\u00fcl\u00fc ve \u00e7inko droslar\u0131n\u0131 k\u00fcl\u00e7e \u00e7inkoya d\u00f6n\u00fc\u015ft\u00fcrerek bu \u00fcr\u00fcnleri yurt i\u00e7inde konu\u015flu galvaniz ve pirin\u00e7 \u00fcretim tesislerine sunmu\u015ftur.<\/p>\n<p style=\"text-align: justify;\">\u00c7ok k\u0131sa s\u00fcrede \u00fcretti\u011fi kaliteli \u00fcr\u00fcnlerle pazar da b\u00fcy\u00fck pay sahibi olan Saha Metal T\u00fcrkiye\u2019nin \u00f6nde gelen \u00fcreticilerinden birisi haline gelmi\u015f ve hemen akabinde 2. \u00dcretim tesisini de Ankara 1. Organize Sanayi b\u00f6lgesinde \u00e7inko oksit, k\u00fcl\u00e7e \u00e7inko ve k\u00fcl\u00e7e pirin\u00e7 \u00fcretmek amac\u0131yla kurmu\u015f ve kapasitesini artt\u0131rm\u0131\u015ft\u0131r.<\/p>\n<p style=\"text-align: justify;\">Saha Metal h\u00e2li haz\u0131rda T\u00fcrkiye\u2019nin en b\u00fcy\u00fck \u00e7inko oksit, k\u00fcl\u00e7e \u00e7inko ve pirin\u00e7 k\u00fcl\u00e7e \u00fcreticilerinden birisidir.<\/p>\n<p style=\"text-align: justify;\">\u00dcretim tesislerimizde Amerikan ve Frans\u0131z Proses f\u0131r\u0131nlar\u0131n\u0131 kullan\u0131lmak suretiyle y\u00fcksek kalitede \u00e7inko oksit \u00fcretimi ger\u00e7ekle\u015ftirilmektedir. \u00dcr\u00fcnlerimizin b\u00fcy\u00fck bir b\u00f6l\u00fcm\u00fc yurt d\u0131\u015f\u0131nda konu\u015flu seramik, kau\u00e7uk, boya, g\u00fcbre, porselen, plastik ve cam \u00fcreticilerine y\u0131ll\u0131k kontratlar mukabili ihra\u00e7 edilmektedir.<\/p>\n<p style=\"text-align: justify;\">Ayn\u0131 \u015fekilde tesislerimizde \u00fcretilen k\u00fcl\u00e7e \u00e7inkolar ve k\u00fcl\u00e7e pirin\u00e7ler gerek yurt i\u00e7inde ve gerekse yurt d\u0131\u015f\u0131nda konu\u015flu m\u00fc\u015fterilerimize sat\u0131lmaktad\u0131r.<\/p>\n<p style=\"text-align: justify;\">T\u00fcrkiye\u2019de galvaniz sekt\u00f6r\u00fcnde faaliyet g\u00f6steren \u015firketlerden at\u0131k olarak \u00e7\u0131kmakta olan \u00c7inko k\u00fcl\u00fcn\u00fcn toplam tonaj\u0131n\u0131n yakla\u015f\u0131k olarak 80%\u2019ini, Saha Metal San. Tic. Ltd. \u015eti.sat\u0131n almaktad\u0131r. \u00c7inko k\u00fcllerinden k\u00fcl\u00e7e \u00e7inko \u00fcretimi \u00f6nemli bir geri d\u00f6n\u00fc\u015f\u00fcm i\u015flemi olup, bu geri d\u00f6n\u00fc\u015f\u00fcm\u00fc ger\u00e7ekle\u015ftiren firmam\u0131z t\u00fcm galvanizcilerin en \u00f6nemli ortaklar\u0131ndan birisi konumundad\u0131r.<\/p>\n<p style=\"text-align: justify;\">Galvaniz sekt\u00f6r\u00fcnden temin edilen \u00c7inko k\u00fcl\u00fcn\u00fcn elek alt\u0131 k\u0131sm\u0131, ince \u00c7inko k\u00fcl\u00fc olarak adland\u0131r\u0131lmakta olup, bu malzemeye m kalite \u00c7inko Oksit \u00fcreticilerine pazarlanmaktad\u0131r.<\/p>\n<p style=\"text-align: justify;\">Y\u00fcksek kaliteye sahip \u00fcr\u00fcnlerin elde edilebilmesi i\u00e7in \u00fcretimden sevkiyata kadar ge\u00e7en s\u00fcre \u00f6zenle denetlenmekte, ham maddeler ve \u00fcr\u00fcnler hem kendi laboratuvarlar\u0131m\u0131zda hem de ba\u011f\u0131ms\u0131z laboratuvarlarda test edilerek m\u00fc\u015fterilerimize sunulmaktad\u0131r.<\/p>\n<p style=\"text-align: justify;\">\u0130yi e\u011fitilmi\u015f personeli, kurumsal yap\u0131s\u0131 ve m\u00fc\u015fteri odakl\u0131 hizmet anlay\u0131\u015f\u0131 ile ge\u00e7mi\u015fte oldu\u011fu gibi bug\u00fcn de yurt i\u00e7inde ve yurt d\u0131\u015f\u0131nda konu\u015flu t\u00fcm m\u00fc\u015fterilerimize en iyiyi sunmay\u0131 ama\u00e7l\u0131yoruz.<\/p>\n<p style=\"text-align: justify;\">Amac\u0131m\u0131z; kalitemizle, uygun fiyatlar\u0131m\u0131zla ve hizmetimizle \u00f6nce g\u00fcveni tesis etmek ve sonra t\u00fcm m\u00fc\u015fterilerimizle ve tedarik\u00e7ilerimizle uzun s\u00fcreli i\u015fbirli\u011fini oldu\u011fundan daha ileriye g\u00f6t\u00fcrmektir.<\/p>\n<p style=\"text-align: justify;\"><strong>Daha Detayl\u0131 Bilgi \u0130\u00e7in:<\/strong>\u00a0<a href=\"http:\/\/www.sahametal.com\">http:\/\/www.sahametal.com<\/a> adresini ziyaret edebilirsiniz.<\/p>\n<p><\/p>","protected":false},"excerpt":{"rendered":"<p>SAHA METAL Grup firmam\u0131z olan Saha Metal San. Tic. Ltd.\u015eti. bir aile \u015firketi olup, ilk temel 1959 y\u0131l\u0131nda Say\u0131n A.R\u0131za Saha Bey taraf\u0131ndan at\u0131lm\u0131\u015ft\u0131r. 1959 y\u0131l\u0131nda Saha\u00a0Metal Ticaret\u00a0firmas\u0131 A. R\u0131za Saha Bey taraf\u0131ndan kurulmu\u015f olup, bir\u00e7ok m\u00fc\u015fterisine muhtelif\u00a0metal ve ala\u015f\u0131mlar\u0131n\u0131n sat\u0131\u015f\u0131 ger\u00e7ekle\u015ftirmi\u015f ve k\u0131sa zamanda bu sekt\u00f6r\u00fcn en \u00f6nemli tedarik\u00e7ilerinden birisi haline gelmi\u015ftir. Yurt i\u00e7inde [&hellip;]<\/p>\n","protected":false},"author":1,"featured_media":0,"parent":0,"menu_order":0,"comment_status":"closed","ping_status":"closed","template":"","meta":[],"_links":{"self":[{"href":"http:\/\/znokimya.com\/tr\/wp-json\/wp\/v2\/pages\/5394"}],"collection":[{"href":"http:\/\/znokimya.com\/tr\/wp-json\/wp\/v2\/pages"}],"about":[{"href":"http:\/\/znokimya.com\/tr\/wp-json\/wp\/v2\/types\/page"}],"author":[{"embeddable":true,"href":"http:\/\/znokimya.com\/tr\/wp-json\/wp\/v2\/users\/1"}],"replies":[{"embeddable":true,"href":"http:\/\/znokimya.com\/tr\/wp-json\/wp\/v2\/comments?post=5394"}],"version-history":[{"count":10,"href":"http:\/\/znokimya.com\/tr\/wp-json\/wp\/v2\/pages\/5394\/revisions"}],"predecessor-version":[{"id":5606,"href":"http:\/\/znokimya.com\/tr\/wp-json\/wp\/v2\/pages\/5394\/revisions\/5606"}],"wp:attachment":[{"href":"http:\/\/znokimya.com\/tr\/wp-json\/wp\/v2\/media?parent=5394"}],"curies":[{"name":"wp","href":"https:\/\/api.w.org\/{rel}","templated":true}]}}