{"id":5483,"date":"2018-04-13T11:11:56","date_gmt":"2018-04-13T08:11:56","guid":{"rendered":"http:\/\/188.132.157.36\/~znokimy1\/?page_id=5483"},"modified":"2018-04-14T12:39:58","modified_gmt":"2018-04-14T09:39:58","slug":"paketleme","status":"publish","type":"page","link":"http:\/\/znokimya.com\/tr\/paketleme\/","title":{"rendered":"Paketleme"},"content":{"rendered":"<p><\/p>\n<p style=\"text-align: justify;\"><img loading=\"lazy\" class=\"alignright size-medium wp-image-5423\" src=\"http:\/\/188.132.157.36\/~znokimy1\/wp-content\/uploads\/2018\/04\/BB-3-300x273.jpg\" alt=\"\" width=\"300\" height=\"273\" srcset=\"http:\/\/znokimya.com\/wp-content\/uploads\/2018\/04\/BB-3-300x273.jpg 300w, http:\/\/znokimya.com\/wp-content\/uploads\/2018\/04\/BB-3-768x699.jpg 768w, http:\/\/znokimya.com\/wp-content\/uploads\/2018\/04\/BB-3-1024x932.jpg 1024w, http:\/\/znokimya.com\/wp-content\/uploads\/2018\/04\/BB-3.jpg 1712w\" sizes=\"(max-width: 300px) 100vw, 300px\" \/>Fabrikam\u0131zdan \u00e7\u0131kan her \u00fcr\u00fcn Big Bag (1000 kg-1350 kg) veya Kraft\u00a0 (25 kg) olarak adland\u0131r\u0131lan, paketlerle ah\u015fap malzemeden \u00fcretilen paletlere sabitlenir, daha dayan\u0131kl\u0131 olmas\u0131 i\u00e7in nerv\u00fcrl\u00fc[1]\u00a0\u00f6zel\u00a0\u00e7ivilerle\u00a0birle\u015ftirilir.<\/p>\n<p style=\"text-align: justify;\">D\u0131\u015f ticaret ile artan palet dola\u015f\u0131m\u0131nda, paletler zararl\u0131\u00a0b\u00f6cek\u00a0ve\u00a0ha\u015ferat\u0131n\u00a0bir di\u011fer \u00fclkeye ula\u015f\u0131p o \u00fclkenin bitki sa\u011fl\u0131\u011f\u0131na zarar vermemesi i\u00e7in\u00a0fumigasyon\u00a0ya da\u00a0\u0131s\u0131l i\u015fleme\u00a0tabi tutularak zararl\u0131lardan temizlenmektedir.<\/p>\n<p style=\"text-align: justify;\">Bu konu ile ilgili uluslararas\u0131 t\u00fcm standartlara uygun olarak sevkiyat\u0131m\u0131z ger\u00e7ekle\u015ftirilir.<\/p>\n<p><\/p>","protected":false},"excerpt":{"rendered":"<p>Fabrikam\u0131zdan \u00e7\u0131kan her \u00fcr\u00fcn Big Bag (1000 kg-1350 kg) veya Kraft\u00a0 (25 kg) olarak adland\u0131r\u0131lan, paketlerle ah\u015fap malzemeden \u00fcretilen paletlere sabitlenir, daha dayan\u0131kl\u0131 olmas\u0131 i\u00e7in nerv\u00fcrl\u00fc[1]\u00a0\u00f6zel\u00a0\u00e7ivilerle\u00a0birle\u015ftirilir. D\u0131\u015f ticaret ile artan palet dola\u015f\u0131m\u0131nda, paletler zararl\u0131\u00a0b\u00f6cek\u00a0ve\u00a0ha\u015ferat\u0131n\u00a0bir di\u011fer \u00fclkeye ula\u015f\u0131p o \u00fclkenin bitki sa\u011fl\u0131\u011f\u0131na zarar vermemesi i\u00e7in\u00a0fumigasyon\u00a0ya da\u00a0\u0131s\u0131l i\u015fleme\u00a0tabi tutularak zararl\u0131lardan temizlenmektedir. Bu konu ile ilgili uluslararas\u0131 t\u00fcm [&hellip;]<\/p>\n","protected":false},"author":1,"featured_media":0,"parent":0,"menu_order":0,"comment_status":"closed","ping_status":"closed","template":"","meta":[],"_links":{"self":[{"href":"http:\/\/znokimya.com\/tr\/wp-json\/wp\/v2\/pages\/5483"}],"collection":[{"href":"http:\/\/znokimya.com\/tr\/wp-json\/wp\/v2\/pages"}],"about":[{"href":"http:\/\/znokimya.com\/tr\/wp-json\/wp\/v2\/types\/page"}],"author":[{"embeddable":true,"href":"http:\/\/znokimya.com\/tr\/wp-json\/wp\/v2\/users\/1"}],"replies":[{"embeddable":true,"href":"http:\/\/znokimya.com\/tr\/wp-json\/wp\/v2\/comments?post=5483"}],"version-history":[{"count":4,"href":"http:\/\/znokimya.com\/tr\/wp-json\/wp\/v2\/pages\/5483\/revisions"}],"predecessor-version":[{"id":5541,"href":"http:\/\/znokimya.com\/tr\/wp-json\/wp\/v2\/pages\/5483\/revisions\/5541"}],"wp:attachment":[{"href":"http:\/\/znokimya.com\/tr\/wp-json\/wp\/v2\/media?parent=5483"}],"curies":[{"name":"wp","href":"https:\/\/api.w.org\/{rel}","templated":true}]}}