{"id":5487,"date":"2018-04-13T11:14:05","date_gmt":"2018-04-13T08:14:05","guid":{"rendered":"http:\/\/188.132.157.36\/~znokimy1\/?page_id=5487"},"modified":"2018-04-16T09:10:19","modified_gmt":"2018-04-16T06:10:19","slug":"laboratuvar","status":"publish","type":"page","link":"http:\/\/znokimya.com\/tr\/laboratuvar\/","title":{"rendered":"Laboratuvar"},"content":{"rendered":"<p><\/p>\n<p style=\"text-align: justify;\">B\u00fcnyemizde iki adet Laboratuvar\u0131m\u0131z olup firma kurulu\u015fumuzdan beri hizmet vermektedir.<\/p>\n<p style=\"text-align: justify;\"><strong>LABORATUVAR KAL\u0130TE POL\u0130T\u0130KAMIZ<\/strong><\/p>\n<p style=\"text-align: justify;\"><img loading=\"lazy\" class=\"alignright size-medium wp-image-5481\" src=\"http:\/\/188.132.157.36\/~znokimy1\/wp-content\/uploads\/2018\/04\/01yenii-300x146.jpg\" alt=\"\" width=\"300\" height=\"146\" srcset=\"http:\/\/znokimya.com\/wp-content\/uploads\/2018\/04\/01yenii-300x146.jpg 300w, http:\/\/znokimya.com\/wp-content\/uploads\/2018\/04\/01yenii-768x375.jpg 768w, http:\/\/znokimya.com\/wp-content\/uploads\/2018\/04\/01yenii-1024x500.jpg 1024w\" sizes=\"(max-width: 300px) 100vw, 300px\" \/>Laboratuvarlar\u0131m\u0131z m\u00fc\u015fterilerimizin ihtiya\u00e7lar\u0131n\u0131; kaliteli hizmet anlay\u0131\u015f\u0131n\u0131 \u00f6n planda tutarak kar\u015f\u0131lamaktad\u0131r.<\/p>\n<p style=\"text-align: justify;\">\u00dcr\u00fcn kalitemizin g\u00fcvenli\u011fini ve devam\u0131n\u0131 sa\u011flamak amac\u0131yla, her sevkiyat \u00f6ncesi tam te\u015fekk\u00fcll\u00fc laboratuvarlar\u0131m\u0131zda \u00fcr\u00fcnlerimizin test ve analizi yap\u0131l\u0131r; \u00a0Bitmi\u015f \u00dcr\u00fcn\u00fcn sadece Spesifikasyonlarla de\u011fil, ayn\u0131 zamanda Kalitede tutarl\u0131 oldu\u011fundan emin olmak i\u00e7in S\u00fcre\u00e7 Kontrol\u00fc ve denetimini yak\u0131ndan izleyenerek sa\u011flanmaktad\u0131r. \u0130malat a\u015famas\u0131ndaki dahili kontroller ve sevkiyattan \u00f6nce nihai kontroller i\u00e7in g\u00fcnl\u00fck kontrol analizini ger\u00e7ekle\u015ftirmek amac\u0131yla Kalite Kontrol Departman\u0131m\u0131z\u0131n nitelikli ve yetkin kadrosu istihdam edilmi\u015ftir. \u00dcr\u00fcnlerin tutarl\u0131 kalitesini korumak ve sunmak i\u00e7in t\u00fcm yeni malzemeler ve ara \u00fcr\u00fcnleri analiz edilmektedir.<\/p>\n<p style=\"text-align: justify;\">Fabrikadan ayr\u0131lan t\u00fcm g\u00f6nderilerin \u00fcretilen t\u00fcm partileri \u00f6rnekleri en az be\u015f y\u0131ll\u0131k s\u00fcre boyunca ar\u015fivleme hacmine sahiptir.<\/p>\n<p><\/p>","protected":false},"excerpt":{"rendered":"<p>B\u00fcnyemizde iki adet Laboratuvar\u0131m\u0131z olup firma kurulu\u015fumuzdan beri hizmet vermektedir. LABORATUVAR KAL\u0130TE POL\u0130T\u0130KAMIZ Laboratuvarlar\u0131m\u0131z m\u00fc\u015fterilerimizin ihtiya\u00e7lar\u0131n\u0131; kaliteli hizmet anlay\u0131\u015f\u0131n\u0131 \u00f6n planda tutarak kar\u015f\u0131lamaktad\u0131r. \u00dcr\u00fcn kalitemizin g\u00fcvenli\u011fini ve devam\u0131n\u0131 sa\u011flamak amac\u0131yla, her sevkiyat \u00f6ncesi tam te\u015fekk\u00fcll\u00fc laboratuvarlar\u0131m\u0131zda \u00fcr\u00fcnlerimizin test ve analizi yap\u0131l\u0131r; \u00a0Bitmi\u015f \u00dcr\u00fcn\u00fcn sadece Spesifikasyonlarla de\u011fil, ayn\u0131 zamanda Kalitede tutarl\u0131 oldu\u011fundan emin olmak i\u00e7in S\u00fcre\u00e7 [&hellip;]<\/p>\n","protected":false},"author":1,"featured_media":0,"parent":0,"menu_order":0,"comment_status":"closed","ping_status":"closed","template":"","meta":[],"_links":{"self":[{"href":"http:\/\/znokimya.com\/tr\/wp-json\/wp\/v2\/pages\/5487"}],"collection":[{"href":"http:\/\/znokimya.com\/tr\/wp-json\/wp\/v2\/pages"}],"about":[{"href":"http:\/\/znokimya.com\/tr\/wp-json\/wp\/v2\/types\/page"}],"author":[{"embeddable":true,"href":"http:\/\/znokimya.com\/tr\/wp-json\/wp\/v2\/users\/1"}],"replies":[{"embeddable":true,"href":"http:\/\/znokimya.com\/tr\/wp-json\/wp\/v2\/comments?post=5487"}],"version-history":[{"count":5,"href":"http:\/\/znokimya.com\/tr\/wp-json\/wp\/v2\/pages\/5487\/revisions"}],"predecessor-version":[{"id":5561,"href":"http:\/\/znokimya.com\/tr\/wp-json\/wp\/v2\/pages\/5487\/revisions\/5561"}],"wp:attachment":[{"href":"http:\/\/znokimya.com\/tr\/wp-json\/wp\/v2\/media?parent=5487"}],"curies":[{"name":"wp","href":"https:\/\/api.w.org\/{rel}","templated":true}]}}